{"id":40,"date":"2021-08-20T15:26:57","date_gmt":"2021-08-20T18:26:57","guid":{"rendered":"https:\/\/pjcontabil.com\/site\/contact\/"},"modified":"2024-03-20T10:43:42","modified_gmt":"2024-03-20T13:43:42","slug":"contact","status":"publish","type":"page","link":"https:\/\/pjcontabil.com\/site\/contact\/","title":{"rendered":"Fale Conosco"},"content":{"rendered":"\n\n\n\n\n\n\n\n<h5>como falar conosco<\/h5>\n<h6>Canais de Contato<\/h6>\n\n<h2>Contact Us<\/h2>\n\n<p style=\"text-align: left\"><\/p><li><strong>PORTAL DO CLIENTE<\/strong> &#8211; Canal exclusivo para clientes. Acesse clicando <a href=\"https:\/\/onvio.com.br\/clientcenter\" target=\"_blank\" rel=\"noopener\"><strong>AQUI<\/strong><\/a>.<\/li><li><strong>WHATSAPP<\/strong> &#8211; Clique no \u00edcone do whatsapp no canto inferior direito da sua tela.<\/li><li><strong>E-MAIL<\/strong> &#8211; Enviar e-mail para&nbsp;<a href=\"mailto:sac@pjcontabil.com\" target=\"_blank\" rel=\"noopener\"><span style=\"font-weight: 700;\">sac@pjcontabil.com<\/span><\/a>&nbsp;clicando no link do e-mail.<\/li><p style=\"text-align: justify;\"><br><\/p><p style=\"text-align: justify;\">&nbsp;<strong><u>Nossos hor\u00e1rios de atendimento<\/u><\/strong> : das 10h as 12h, e das 14h as 17h de 2a \u00e0 6a feira.<\/p><p style=\"text-align: justify;\"><br><\/p><p style=\"text-align: justify;\">Todos os seus contatos conosco e nossos contatos com voc\u00ea ficam registrados em nossos sistemas ou em sistemas de terceiros contratados para um melhor e r\u00e1pido atendimento. Nossa vis\u00e3o \u00e9 ser um grupo de contadores <span style=\"color:#008a00;\"><strong>MAIS perto de voc\u00ea e de suas necessidades<\/strong><\/span><strong><\/strong>, contatos por telefone e e-mail n\u00e3o permitem que fa\u00e7amos a gest\u00e3o do seu atendimento, de forma a garantir atendimento r\u00e1pido e com qualidade. Ao entrar em contato, se \u00e9 nosso cliente, prefira o PORTAL ou o Whatsapp ou a V\u00eddeo Conferencia, se ainda n\u00e3o \u00e9 nosso cliente, prefira Whatsapp ou V\u00eddeo Conferencia com o SAC ou com um dos nossos contadores.<br><\/p><p style=\"text-align: justify;\"><br><\/p><p style=\"text-align: justify;\">Se voc\u00ea preferir, tamb\u00e9m pode nos fazer uma visita em nossa sede ou nos convidar para conhecer sua empresa.<\/p><p><\/p><p><em><br><\/em><\/p><p><em>Antes de entrar em contato conosco, recomendamos a leitura da nossa Pol\u00edtica de Privacidade e Uso de dados, clicando em&nbsp;<a href=\"https:\/\/pjcontabil.com\/site\/2021\/08\/01\/privacy-policy\/\" target=\"_blank\" rel=\"noopener\"><strong>Privacidade<\/strong><\/a>.<\/em><\/p>\n<p style=\"text-align: left\"><\/p><li><strong style=\"text-align: justify;\">V\u00cdDEO CONFERENCIA<\/strong><span style=\"text-align: justify;\"> &#8211; Agendar reuni\u00e3o com Jaime Torres (Contador):&nbsp;<\/span><\/li><p style=\"text-align: justify;\"><br><\/p><p>\n\n<iframe loading=\"lazy\" src=\"https:\/\/calendar.google.com\/calendar\/appointments\/schedules\/AcZssZ227Zc1MVkQCkxzDJUvwGaTWOxWH10B5vfgvAWYju5cwrPqcOJKW1rbjtrSXVsxvExMZf6kEaUT?gv=true\" style=\"border: 0\" width=\"100%\" height=\"600\" frameborder=\"0\"><\/iframe>\n\n<!-- end Google Calendar Appointment <\/p><\/div>--><\/p>\n\n\n\n<h4>D\u00favidas mais comuns<\/h4>\n<p style=\"text-align: justify; \">Abaixo temos algumas perguntas e respostas que s\u00e3o as mais comuns. Temos tamb\u00e9m uma Base de Conhecimentos com outras quest\u00f5es e respostas em nosso <strong>PORTAL DO CLIENTE<\/strong>, que pode ajudar voc\u00ea com suas quest\u00f5es.<\/p>\n<p style=\"text-align: justify; \"> <\/p><li><strong>PORTAL DO CLIENTE<\/strong> &#8211; Canal exclusivo para clientes fazerem Solicita\u00e7\u00f5es de Servi\u00e7o e Suporte, com muitas outras funcionalidades. Seu escrit\u00f3rio de Contabilidade 24 horas por dia, 7 dias por semana, na palma da sua m\u00e3o. Acesse clicando <a href=\"https:\/\/onvio.com.br\/clientcenter\" target=\"_blank\" rel=\"noopener\"><strong>AQUI<\/strong><\/a>.<\/li>\n\n\n\n\n<p style=\"text-align: justify; \">Sim, n\u00f3s abrimos, alteramos e fechamos qualquer tipo de empresa em qualquer Estado da Federa\u00e7\u00e3o e temos parcerias para fazer o mesmo nos EUA, Am\u00e9rica Latina, Europa e \u00c1sia para empreendedores brasileiros.<\/p>\n\n\n\n\n\n\n<p style=\"text-align: justify; \">Sim, n\u00f3s fazemos qualquer tipo de folha de pagamento de empresa, seja mensalista, horista, professor, intermitente,&nbsp; inclusive para estagi\u00e1rio, s\u00f3cio (Pr\u00f3-labore) e aut\u00f4nomo. Fazemos todas as obriga\u00e7\u00f5es acess\u00f3rias relacionadas. Para empregados dom\u00e9sticos indicamos parceiro.<\/p>\n\n\n\n\n\n\n<p style=\"text-align: justify; \">Sim, n\u00f3s fazemos qualquer DIRPF de pessoas f\u00edsicas. Dado a LGPD \u00e9 importante voc\u00ea ler nossa Pol\u00edtica de Privacidade e solicitar por um dos nossos canais de contato, a lista de documentos e informa\u00e7\u00f5es necess\u00e1rias, bem como o or\u00e7amento desse servi\u00e7o.<\/p>\n\n\n\n\n\n\n<p style=\"text-align: justify; \">Nossa empresa est\u00e1 alinhada e&nbsp; cumpre a LGPD (Lei Geral de Prote\u00e7\u00e3o de Dados) em conformidade com a Pol\u00edtica de Privacidade publicada neste site. Suas informa\u00e7\u00f5es (dados pessoais) v\u00e3o para terceiros, APENAS com a sua autoriza\u00e7\u00e3o.&nbsp;<\/p>\n\n\n\n\n\n\nRua Manoel da N\u00f3brega, 735, Diadema, SP, Brasil\n\n\n","protected":false},"excerpt":{"rendered":"","protected":false},"author":0,"featured_media":0,"parent":0,"menu_order":0,"comment_status":"closed","ping_status":"closed","template":"","meta":{"pagelayer_contact_templates":[],"_pagelayer_content":"","_joinchat":[],"footnotes":""},"class_list":["post-40","page","type-page","status-publish","hentry"],"jetpack_sharing_enabled":true,"_links":{"self":[{"href":"https:\/\/pjcontabil.com\/site\/wp-json\/wp\/v2\/pages\/40","targetHints":{"allow":["GET"]}}],"collection":[{"href":"https:\/\/pjcontabil.com\/site\/wp-json\/wp\/v2\/pages"}],"about":[{"href":"https:\/\/pjcontabil.com\/site\/wp-json\/wp\/v2\/types\/page"}],"replies":[{"embeddable":true,"href":"https:\/\/pjcontabil.com\/site\/wp-json\/wp\/v2\/comments?post=40"}],"version-history":[{"count":45,"href":"https:\/\/pjcontabil.com\/site\/wp-json\/wp\/v2\/pages\/40\/revisions"}],"predecessor-version":[{"id":777,"href":"https:\/\/pjcontabil.com\/site\/wp-json\/wp\/v2\/pages\/40\/revisions\/777"}],"wp:attachment":[{"href":"https:\/\/pjcontabil.com\/site\/wp-json\/wp\/v2\/media?parent=40"}],"curies":[{"name":"wp","href":"https:\/\/api.w.org\/{rel}","templated":true}]}}