{"id":41,"date":"2021-08-20T15:26:57","date_gmt":"2021-08-20T18:26:57","guid":{"rendered":"https:\/\/pjcontabil.com\/site\/about\/"},"modified":"2021-08-29T21:08:44","modified_gmt":"2021-08-30T00:08:44","slug":"about","status":"publish","type":"page","link":"https:\/\/pjcontabil.com\/site\/about\/","title":{"rendered":"Sobre N\u00f3s"},"content":{"rendered":"\n\n\n\n\n\n\n\n<h6>About Us<\/h6>\n<h5>Sobre N\u00f3s<\/h5>\n<h2>About<\/h2>\n<p style=\"text-align: center\">Pequenas oportunidades s\u00e3o muitas vezes o come\u00e7o de grandes empreendimentos. Nossa miss\u00e3o \u00e9 servir as pessoas com excel\u00eancia, com a mesma aten\u00e7\u00e3o e desempenho que fazemos para n\u00f3s mesmos, nossa fam\u00edlia e nossos neg\u00f3cios.<\/p>\n\n\n<h5>Jaime Torres &#8211; Fundador<\/h5>\n<h3>Owner<\/h3>\n<p style=\"text-align: justify; \">Nossa hist\u00f3ria come\u00e7a em meados de 2009 quando um de nossos clientes em que eu fazia consultoria empresarial n\u00e3o recebia do seu contador os relat\u00f3rios necess\u00e1rios e a aten\u00e7\u00e3o necess\u00e1ria para que pudesse, baseado em fatos e n\u00fameros, alavancar as receitas, reduzir os custos e assim, melhorar a margem de retorno do seu neg\u00f3cio e nos solicitou ajuda. Ao conversar com esse contador, percebemos que ele n\u00e3o compreendia a import\u00e2ncia das demonstra\u00e7\u00f5es financeiras para a gest\u00e3o dos neg\u00f3cios. Tentamos ajudar o contador por 7 meses, mas o foco era mesmo a escritura\u00e7\u00e3o fiscal e cont\u00e1bil, a folha de pagamento e a emiss\u00e3o das guias, que obviamente s\u00e3o fundamentais e necess\u00e1rias, mas que n\u00e3o ajudavam o cliente como ele precisava. Foi ent\u00e3o que ao final de fevereiro de 2010, a pedido deste cliente e em conjunto com o amigo e futuro s\u00f3cio fundador <strong>Paulo Robson<\/strong>, come\u00e7amos a planejar o que se tornou, a <strong>PJ Contabilidade e Consultoria<\/strong>, formalmente fundada em 16\/04\/2010.<\/p>\n<p><\/p><p>Para ler a continua\u00e7\u00e3o dessa hist\u00f3ria,<a href=\"https:\/\/pjcontabil.com\/site\/2021\/04\/16\/pj-11-anos\/\"> <strong>clique aqui<\/strong><\/a> para abrir o artigo relacionado.<\/p>\n<\/p><p>Convido voc\u00ea a se juntar \u00e0 n\u00f3s. Tenho certeza que faremos grandes coisas juntos!<\/p>\n\n\n\n\n\n\n\n\n\n\n\n\n\n<h3>Qual o seu sonho de neg\u00f3cio?<\/h3>\n\n\n<p style=\"text-align: center; color: white;\" text-align:=\"\" center=\"center\"><span><strong>Transformar ideias em neg\u00f3cios e em empresa, n\u00e3o \u00e9 simples. Muitos fecham antes de completar 3 anos de opera\u00e7\u00e3o e outros ap\u00f3s 5 anos! N\u00f3s sabemos o que fazer para isso n\u00e3o acontecer com o seu sonho e a sua ideia de neg\u00f3cio. Quer falar a respeito? Entre em contato conosco! Ser\u00e1 um prazer conversar com voc\u00ea. <\/strong><\/span><\/p>\n\n\n\n\n\n<h4>Voc\u00ea j\u00e1 tem um neg\u00f3cio e precisa aumentar as vendas? diminuir os custos? analisar a carga tribut\u00e1ria? gerar mais lucro e\/ou caixa?<\/h4>\n\n\n\n\n\n","protected":false},"excerpt":{"rendered":"","protected":false},"author":0,"featured_media":0,"parent":0,"menu_order":0,"comment_status":"closed","ping_status":"closed","template":"","meta":{"pagelayer_contact_templates":[],"_pagelayer_content":"","_joinchat":[],"footnotes":""},"class_list":["post-41","page","type-page","status-publish","hentry"],"jetpack_sharing_enabled":true,"_links":{"self":[{"href":"https:\/\/pjcontabil.com\/site\/wp-json\/wp\/v2\/pages\/41","targetHints":{"allow":["GET"]}}],"collection":[{"href":"https:\/\/pjcontabil.com\/site\/wp-json\/wp\/v2\/pages"}],"about":[{"href":"https:\/\/pjcontabil.com\/site\/wp-json\/wp\/v2\/types\/page"}],"replies":[{"embeddable":true,"href":"https:\/\/pjcontabil.com\/site\/wp-json\/wp\/v2\/comments?post=41"}],"version-history":[{"count":21,"href":"https:\/\/pjcontabil.com\/site\/wp-json\/wp\/v2\/pages\/41\/revisions"}],"predecessor-version":[{"id":287,"href":"https:\/\/pjcontabil.com\/site\/wp-json\/wp\/v2\/pages\/41\/revisions\/287"}],"wp:attachment":[{"href":"https:\/\/pjcontabil.com\/site\/wp-json\/wp\/v2\/media?parent=41"}],"curies":[{"name":"wp","href":"https:\/\/api.w.org\/{rel}","templated":true}]}}